{"id":115,"date":"2022-02-28T14:08:32","date_gmt":"2022-02-28T13:08:32","guid":{"rendered":"http:\/\/test.antrugeon.net\/?page_id=2"},"modified":"2022-02-28T14:08:32","modified_gmt":"2022-02-28T13:08:32","slug":"page-d-exemple-2","status":"publish","type":"page","link":"https:\/\/test2.antrugeon.net\/index.php\/page-d-exemple-2\/","title":{"rendered":"La FNCS"},"content":{"rendered":"\n<p><strong>La F\u00e9d\u00e9ration Nationale des Cadres Sup\u00e9rieurs et Dirigeants de l&#8217;Energie a pour finalit\u00e9s :<\/strong><br \/>\u2022&nbsp;L&#8217;expression collective des cadres : d\u00e9veloppement, organisation, social, management\u2026 aupr\u00e8s des parties prenantes des structures juridiques du domaine de l\u2019Energie et des Pouvoirs Publics ;<br \/>\u2022&nbsp;La d\u00e9fense des int\u00e9r\u00eats collectifs des cadres sup\u00e9rieurs et dirigeants, pour toutes les questions touchant \u00e0 leur sp\u00e9cificit\u00e9, en privil\u00e9giant l\u2019approche pr\u00e9ventive et en \u00e9tant force de propositions ;<br \/>\u2022&nbsp;La d\u00e9fense des int\u00e9r\u00eats individuels, le conseil et l\u2019accompagnement&nbsp; individuel&nbsp; des adh\u00e9rents.<\/p>\n","protected":false},"excerpt":{"rendered":"<p>La F\u00e9d\u00e9ration Nationale des Cadres Sup\u00e9rieurs et Dirigeants de l&#8217;Energie a pour finalit\u00e9s :\u2022&nbsp;L&#8217;expression collective des cadres : d\u00e9veloppement, organisation, social, management\u2026 aupr\u00e8s des parties prenantes des structures juridiques du domaine de l\u2019Energie et des Pouvoirs Publics ;\u2022&nbsp;La d\u00e9fense des int\u00e9r\u00eats collectifs des cadres sup\u00e9rieurs et dirigeants, pour toutes les questions touchant \u00e0 leur sp\u00e9cificit\u00e9, [&hellip;]<\/p>\n","protected":false},"author":1,"featured_media":0,"parent":0,"menu_order":0,"comment_status":"closed","ping_status":"open","template":"","meta":{"footnotes":""},"class_list":["post-115","page","type-page","status-publish","hentry"],"yoast_head":"<!-- This site is optimized with the Yoast SEO plugin v24.7 - https:\/\/yoast.com\/wordpress\/plugins\/seo\/ -->\n<title>La FNCS - Stand Immo test<\/title>\n<meta name=\"robots\" content=\"noindex, follow, max-snippet:-1, max-image-preview:large, max-video-preview:-1\" \/>\n<meta property=\"og:locale\" content=\"fr_FR\" \/>\n<meta property=\"og:type\" content=\"article\" \/>\n<meta property=\"og:title\" content=\"La FNCS - Stand Immo test\" \/>\n<meta property=\"og:description\" content=\"La F\u00e9d\u00e9ration Nationale des Cadres Sup\u00e9rieurs et Dirigeants de l&#8217;Energie a pour finalit\u00e9s :\u2022&nbsp;L&#8217;expression collective des cadres : d\u00e9veloppement, organisation, social, management\u2026 aupr\u00e8s des parties prenantes des structures juridiques du domaine de l\u2019Energie et des Pouvoirs Publics ;\u2022&nbsp;La d\u00e9fense des int\u00e9r\u00eats collectifs des cadres sup\u00e9rieurs et dirigeants, pour toutes les questions touchant \u00e0 leur sp\u00e9cificit\u00e9, [&hellip;]\" \/>\n<meta property=\"og:url\" content=\"https:\/\/test2.antrugeon.net\/index.php\/page-d-exemple-2\/\" \/>\n<meta property=\"og:site_name\" content=\"Stand Immo test\" \/>\n<meta name=\"twitter:card\" content=\"summary_large_image\" \/>\n<meta name=\"twitter:label1\" content=\"Dur\u00e9e de lecture estim\u00e9e\" \/>\n\t<meta name=\"twitter:data1\" content=\"1 minute\" \/>\n<script type=\"application\/ld+json\" class=\"yoast-schema-graph\">{\"@context\":\"https:\/\/schema.org\",\"@graph\":[{\"@type\":\"WebPage\",\"@id\":\"https:\/\/test2.antrugeon.net\/index.php\/page-d-exemple-2\/\",\"url\":\"https:\/\/test2.antrugeon.net\/index.php\/page-d-exemple-2\/\",\"name\":\"La FNCS - Stand Immo test\",\"isPartOf\":{\"@id\":\"https:\/\/test2.antrugeon.net\/#website\"},\"datePublished\":\"2022-02-28T13:08:32+00:00\",\"breadcrumb\":{\"@id\":\"https:\/\/test2.antrugeon.net\/index.php\/page-d-exemple-2\/#breadcrumb\"},\"inLanguage\":\"fr-FR\",\"potentialAction\":[{\"@type\":\"ReadAction\",\"target\":[\"https:\/\/test2.antrugeon.net\/index.php\/page-d-exemple-2\/\"]}]},{\"@type\":\"BreadcrumbList\",\"@id\":\"https:\/\/test2.antrugeon.net\/index.php\/page-d-exemple-2\/#breadcrumb\",\"itemListElement\":[{\"@type\":\"ListItem\",\"position\":1,\"name\":\"Accueil\",\"item\":\"https:\/\/test2.antrugeon.net\/\"},{\"@type\":\"ListItem\",\"position\":2,\"name\":\"La FNCS\"}]},{\"@type\":\"WebSite\",\"@id\":\"https:\/\/test2.antrugeon.net\/#website\",\"url\":\"https:\/\/test2.antrugeon.net\/\",\"name\":\"Stand Immo test\",\"description\":\"\",\"potentialAction\":[{\"@type\":\"SearchAction\",\"target\":{\"@type\":\"EntryPoint\",\"urlTemplate\":\"https:\/\/test2.antrugeon.net\/?s={search_term_string}\"},\"query-input\":{\"@type\":\"PropertyValueSpecification\",\"valueRequired\":true,\"valueName\":\"search_term_string\"}}],\"inLanguage\":\"fr-FR\"}]}<\/script>\n<!-- \/ Yoast SEO plugin. -->","yoast_head_json":{"title":"La FNCS - Stand Immo test","robots":{"index":"noindex","follow":"follow","max-snippet":"max-snippet:-1","max-image-preview":"max-image-preview:large","max-video-preview":"max-video-preview:-1"},"og_locale":"fr_FR","og_type":"article","og_title":"La FNCS - Stand Immo test","og_description":"La F\u00e9d\u00e9ration Nationale des Cadres Sup\u00e9rieurs et Dirigeants de l&#8217;Energie a pour finalit\u00e9s :\u2022&nbsp;L&#8217;expression collective des cadres : d\u00e9veloppement, organisation, social, management\u2026 aupr\u00e8s des parties prenantes des structures juridiques du domaine de l\u2019Energie et des Pouvoirs Publics ;\u2022&nbsp;La d\u00e9fense des int\u00e9r\u00eats collectifs des cadres sup\u00e9rieurs et dirigeants, pour toutes les questions touchant \u00e0 leur sp\u00e9cificit\u00e9, [&hellip;]","og_url":"https:\/\/test2.antrugeon.net\/index.php\/page-d-exemple-2\/","og_site_name":"Stand Immo test","twitter_card":"summary_large_image","twitter_misc":{"Dur\u00e9e de lecture estim\u00e9e":"1 minute"},"schema":{"@context":"https:\/\/schema.org","@graph":[{"@type":"WebPage","@id":"https:\/\/test2.antrugeon.net\/index.php\/page-d-exemple-2\/","url":"https:\/\/test2.antrugeon.net\/index.php\/page-d-exemple-2\/","name":"La FNCS - Stand Immo test","isPartOf":{"@id":"https:\/\/test2.antrugeon.net\/#website"},"datePublished":"2022-02-28T13:08:32+00:00","breadcrumb":{"@id":"https:\/\/test2.antrugeon.net\/index.php\/page-d-exemple-2\/#breadcrumb"},"inLanguage":"fr-FR","potentialAction":[{"@type":"ReadAction","target":["https:\/\/test2.antrugeon.net\/index.php\/page-d-exemple-2\/"]}]},{"@type":"BreadcrumbList","@id":"https:\/\/test2.antrugeon.net\/index.php\/page-d-exemple-2\/#breadcrumb","itemListElement":[{"@type":"ListItem","position":1,"name":"Accueil","item":"https:\/\/test2.antrugeon.net\/"},{"@type":"ListItem","position":2,"name":"La FNCS"}]},{"@type":"WebSite","@id":"https:\/\/test2.antrugeon.net\/#website","url":"https:\/\/test2.antrugeon.net\/","name":"Stand Immo test","description":"","potentialAction":[{"@type":"SearchAction","target":{"@type":"EntryPoint","urlTemplate":"https:\/\/test2.antrugeon.net\/?s={search_term_string}"},"query-input":{"@type":"PropertyValueSpecification","valueRequired":true,"valueName":"search_term_string"}}],"inLanguage":"fr-FR"}]}},"post_mailing_queue_ids":[],"_links":{"self":[{"href":"https:\/\/test2.antrugeon.net\/index.php\/wp-json\/wp\/v2\/pages\/115","targetHints":{"allow":["GET"]}}],"collection":[{"href":"https:\/\/test2.antrugeon.net\/index.php\/wp-json\/wp\/v2\/pages"}],"about":[{"href":"https:\/\/test2.antrugeon.net\/index.php\/wp-json\/wp\/v2\/types\/page"}],"author":[{"embeddable":true,"href":"https:\/\/test2.antrugeon.net\/index.php\/wp-json\/wp\/v2\/users\/1"}],"replies":[{"embeddable":true,"href":"https:\/\/test2.antrugeon.net\/index.php\/wp-json\/wp\/v2\/comments?post=115"}],"version-history":[{"count":0,"href":"https:\/\/test2.antrugeon.net\/index.php\/wp-json\/wp\/v2\/pages\/115\/revisions"}],"wp:attachment":[{"href":"https:\/\/test2.antrugeon.net\/index.php\/wp-json\/wp\/v2\/media?parent=115"}],"curies":[{"name":"wp","href":"https:\/\/api.w.org\/{rel}","templated":true}]}}